{"id":87,"date":"2019-01-04T06:41:57","date_gmt":"2019-01-04T05:41:57","guid":{"rendered":"http:\/\/jsespacesverts.fr\/?page_id=87"},"modified":"2019-07-17T20:51:51","modified_gmt":"2019-07-17T18:51:51","slug":"amenagement-paysager","status":"publish","type":"page","link":"https:\/\/www.jsespacesverts.fr\/?page_id=87","title":{"rendered":"Am\u00e9nagement Paysager"},"content":{"rendered":"\n<p>Vous qui souhaitez avoir une pelouse, un parterre de plantations diversifi\u00e9es, un am\u00e9nagement partiel ou total de votre terrain, nous pouvons vous aider en vous conseillant et en vous accompagnant jusqu&rsquo;\u00e0 la r\u00e9alisation de <strong>votre <\/strong>projet. Plantation de persistants ou saisonniers, arbustes fleuris ou pas, color\u00e9 ou pas, votre souhaite constitue votre projet et sera notre fil conducteur.<\/p>\n\n\n\n<ul class=\"wp-block-gallery columns-2 is-cropped wp-block-gallery-1 is-layout-flex wp-block-gallery-is-layout-flex\"><li class=\"blocks-gallery-item\"><figure><img loading=\"lazy\" decoding=\"async\" width=\"1024\" height=\"576\" src=\"http:\/\/jsespacesverts.fr\/wp-content\/uploads\/2018\/12\/WP_20161020_16_19_16_Pro-1024x576.jpg\" alt=\"\" data-id=\"48\" data-link=\"http:\/\/jsespacesverts.fr\/?attachment_id=48\" class=\"wp-image-48\" srcset=\"https:\/\/jsespacesverts.fr\/wp-content\/uploads\/2018\/12\/WP_20161020_16_19_16_Pro-1024x576.jpg 1024w, https:\/\/jsespacesverts.fr\/wp-content\/uploads\/2018\/12\/WP_20161020_16_19_16_Pro-300x169.jpg 300w, https:\/\/jsespacesverts.fr\/wp-content\/uploads\/2018\/12\/WP_20161020_16_19_16_Pro-768x432.jpg 768w\" sizes=\"auto, (max-width: 1024px) 100vw, 1024px\" \/><\/figure><\/li><li class=\"blocks-gallery-item\"><figure><img loading=\"lazy\" decoding=\"async\" width=\"1024\" height=\"576\" src=\"http:\/\/jsespacesverts.fr\/wp-content\/uploads\/2018\/12\/WP_20160706_14_33_41_Pro-3-1024x576.jpg\" alt=\"\" data-id=\"50\" data-link=\"http:\/\/jsespacesverts.fr\/?attachment_id=50\" class=\"wp-image-50\" srcset=\"https:\/\/jsespacesverts.fr\/wp-content\/uploads\/2018\/12\/WP_20160706_14_33_41_Pro-3-1024x576.jpg 1024w, https:\/\/jsespacesverts.fr\/wp-content\/uploads\/2018\/12\/WP_20160706_14_33_41_Pro-3-300x169.jpg 300w, https:\/\/jsespacesverts.fr\/wp-content\/uploads\/2018\/12\/WP_20160706_14_33_41_Pro-3-768x432.jpg 768w, https:\/\/jsespacesverts.fr\/wp-content\/uploads\/2018\/12\/WP_20160706_14_33_41_Pro-3.jpg 1920w\" sizes=\"auto, (max-width: 1024px) 100vw, 1024px\" \/><\/figure><\/li><\/ul>\n\n\n\n<p>De la plantation d&rsquo;arbre, d&rsquo;arbuste, de haie ou de massif, nous \u00e9coutons vos envies (couleur, forme, taille) et vous proposerons un plan d&rsquo;am\u00e9nagement avec une harmonisation des sujets que vous souhaitez. Nous nous fournissons aupr\u00e8s de p\u00e9pini\u00e8res reconnues et s\u00e9rieuses pour r\u00e9pondre \u00e0 notre exigence sur la qualit\u00e9 des v\u00e9g\u00e9taux.<\/p>\n\n\n\n<p>Nous pouvons \u00e9galement vous proposer des am\u00e9nagements de parterres essentiellement compos\u00e9s de min\u00e9raux, totalement ou partiellement en mixant avec la v\u00e9g\u00e9tation, esprit zen ou moderne, sobre ou original, vous demandez, nous r\u00e9alisons.<\/p>\n\n\n\n<ul class=\"wp-block-gallery columns-2 is-cropped wp-block-gallery-2 is-layout-flex wp-block-gallery-is-layout-flex\"><li class=\"blocks-gallery-item\"><figure><img loading=\"lazy\" decoding=\"async\" width=\"550\" height=\"366\" src=\"http:\/\/jsespacesverts.fr\/wp-content\/uploads\/2019\/01\/10409758_349922168502205_5076081280558418475_n.jpg\" alt=\"\" data-id=\"89\" data-link=\"http:\/\/jsespacesverts.fr\/?attachment_id=89\" class=\"wp-image-89\" srcset=\"https:\/\/jsespacesverts.fr\/wp-content\/uploads\/2019\/01\/10409758_349922168502205_5076081280558418475_n.jpg 550w, https:\/\/jsespacesverts.fr\/wp-content\/uploads\/2019\/01\/10409758_349922168502205_5076081280558418475_n-300x200.jpg 300w\" sizes=\"auto, (max-width: 550px) 100vw, 550px\" \/><\/figure><\/li><li class=\"blocks-gallery-item\"><figure><img loading=\"lazy\" decoding=\"async\" width=\"550\" height=\"363\" src=\"http:\/\/jsespacesverts.fr\/wp-content\/uploads\/2019\/01\/10430849_349922151835540_6996186948406613086_n.jpg\" alt=\"\" data-id=\"90\" data-link=\"http:\/\/jsespacesverts.fr\/?attachment_id=90\" class=\"wp-image-90\" srcset=\"https:\/\/jsespacesverts.fr\/wp-content\/uploads\/2019\/01\/10430849_349922151835540_6996186948406613086_n.jpg 550w, https:\/\/jsespacesverts.fr\/wp-content\/uploads\/2019\/01\/10430849_349922151835540_6996186948406613086_n-300x198.jpg 300w\" sizes=\"auto, (max-width: 550px) 100vw, 550px\" \/><\/figure><\/li><\/ul>\n\n\n\n<div class=\"wp-block-image\"><figure class=\"aligncenter is-resized\"><img loading=\"lazy\" decoding=\"async\" src=\"http:\/\/jsespacesverts.fr\/wp-content\/uploads\/2019\/07\/IMG_6998.jpg\" alt=\"\" class=\"wp-image-127\" width=\"308\" height=\"410\" srcset=\"https:\/\/jsespacesverts.fr\/wp-content\/uploads\/2019\/07\/IMG_6998.jpg 720w, https:\/\/jsespacesverts.fr\/wp-content\/uploads\/2019\/07\/IMG_6998-225x300.jpg 225w\" sizes=\"auto, (max-width: 308px) 100vw, 308px\" \/><\/figure><\/div>\n","protected":false},"excerpt":{"rendered":"<p>Vous qui souhaitez avoir une pelouse, un parterre de plantations diversifi\u00e9es, un am\u00e9nagement partiel ou total de votre terrain, nous pouvons vous aider en vous conseillant et en vous accompagnant jusqu&rsquo;\u00e0 la r\u00e9alisation de votre projet. Plantation de persistants ou saisonniers, arbustes fleuris ou pas, color\u00e9 ou pas, votre souhaite constitue votre projet et sera [&hellip;]<\/p>\n","protected":false},"author":1,"featured_media":0,"parent":27,"menu_order":2,"comment_status":"closed","ping_status":"closed","template":"","meta":{"footnotes":""},"class_list":["post-87","page","type-page","status-publish","hentry"],"_links":{"self":[{"href":"https:\/\/www.jsespacesverts.fr\/index.php?rest_route=\/wp\/v2\/pages\/87","targetHints":{"allow":["GET"]}}],"collection":[{"href":"https:\/\/www.jsespacesverts.fr\/index.php?rest_route=\/wp\/v2\/pages"}],"about":[{"href":"https:\/\/www.jsespacesverts.fr\/index.php?rest_route=\/wp\/v2\/types\/page"}],"author":[{"embeddable":true,"href":"https:\/\/www.jsespacesverts.fr\/index.php?rest_route=\/wp\/v2\/users\/1"}],"replies":[{"embeddable":true,"href":"https:\/\/www.jsespacesverts.fr\/index.php?rest_route=%2Fwp%2Fv2%2Fcomments&post=87"}],"version-history":[{"count":4,"href":"https:\/\/www.jsespacesverts.fr\/index.php?rest_route=\/wp\/v2\/pages\/87\/revisions"}],"predecessor-version":[{"id":128,"href":"https:\/\/www.jsespacesverts.fr\/index.php?rest_route=\/wp\/v2\/pages\/87\/revisions\/128"}],"up":[{"embeddable":true,"href":"https:\/\/www.jsespacesverts.fr\/index.php?rest_route=\/wp\/v2\/pages\/27"}],"wp:attachment":[{"href":"https:\/\/www.jsespacesverts.fr\/index.php?rest_route=%2Fwp%2Fv2%2Fmedia&parent=87"}],"curies":[{"name":"wp","href":"https:\/\/api.w.org\/{rel}","templated":true}]}}