{"id":27,"date":"2018-12-22T14:35:29","date_gmt":"2018-12-22T13:35:29","guid":{"rendered":"http:\/\/jsespacesverts.fr\/?page_id=27"},"modified":"2024-06-06T20:36:35","modified_gmt":"2024-06-06T18:36:35","slug":"accueil","status":"publish","type":"page","link":"https:\/\/www.jsespacesverts.fr\/","title":{"rendered":"Accueil &#8211; Pr\u00e9sentation"},"content":{"rendered":"\r\n<p>&nbsp;<\/p>\r\n<p>L\u2019entreprise\u00a0<strong>FLORAL &#8211; JS ESPACES VERTS\u00a0<\/strong>est sp\u00e9cialis\u00e9e dans <strong>l&rsquo;entretien, l&rsquo;am\u00e9nagement paysager et les travaux forestiers <\/strong>sur le secteur de\u00a0<strong>Valenciennes\u00a0&#8211;\u00a0Douai\u00a0&#8211; Cambrai<\/strong>, dans le NORD de FRANCE.<\/p>\r\n<p>Nous sommes \u00e9galement adh\u00e9rant \u00e0 la coop\u00e9rative de service \u00e0 la personne UNIPROS ouvrant droit au cr\u00e9dit d&rsquo;imp\u00f4ts sur les prestations de jardinage.<\/p>\r\n<p><a href=\"https:\/\/app.unipros.coop\/connexion\"><img loading=\"lazy\" decoding=\"async\" class=\"size-medium wp-image-252 aligncenter\" src=\"https:\/\/jsespacesverts.fr\/wp-content\/uploads\/2024\/06\/Logo-Unipros-horizontal-pour-fond-clair-300x112.png\" alt=\"\" width=\"300\" height=\"112\" srcset=\"https:\/\/jsespacesverts.fr\/wp-content\/uploads\/2024\/06\/Logo-Unipros-horizontal-pour-fond-clair-300x112.png 300w, https:\/\/jsespacesverts.fr\/wp-content\/uploads\/2024\/06\/Logo-Unipros-horizontal-pour-fond-clair-1024x384.png 1024w, https:\/\/jsespacesverts.fr\/wp-content\/uploads\/2024\/06\/Logo-Unipros-horizontal-pour-fond-clair-768x288.png 768w, https:\/\/jsespacesverts.fr\/wp-content\/uploads\/2024\/06\/Logo-Unipros-horizontal-pour-fond-clair-1536x576.png 1536w, https:\/\/jsespacesverts.fr\/wp-content\/uploads\/2024\/06\/Logo-Unipros-horizontal-pour-fond-clair-2048x768.png 2048w, https:\/\/jsespacesverts.fr\/wp-content\/uploads\/2024\/06\/Logo-Unipros-horizontal-pour-fond-clair-380x142.png 380w\" sizes=\"auto, (max-width: 300px) 100vw, 300px\" \/><\/a><\/p>\r\n\r\n\r\n\r\n<p>Nous intervenons aupr\u00e8s des Collectivit\u00e9s, des Entreprises et des Particuliers.<\/p>\r\n\r\n\r\n\r\n<div class=\"wp-block-image\">\r\n<figure class=\"aligncenter is-resized\"><img loading=\"lazy\" decoding=\"async\" class=\"wp-image-97\" src=\"http:\/\/jsespacesverts.fr\/wp-content\/uploads\/2019\/01\/IMG_5767.jpg\" alt=\"\" width=\"352\" height=\"469\" srcset=\"https:\/\/jsespacesverts.fr\/wp-content\/uploads\/2019\/01\/IMG_5767.jpg 720w, https:\/\/jsespacesverts.fr\/wp-content\/uploads\/2019\/01\/IMG_5767-225x300.jpg 225w\" sizes=\"auto, (max-width: 352px) 100vw, 352px\" \/>\r\n<figcaption>Elagage sur le secteur d&rsquo;Auberchicourt<\/figcaption>\r\n<\/figure>\r\n<\/div>\r\n\r\n\r\n\r\n<p><strong>Notre principal objectif : votre satisfaction.<\/strong><\/p>\r\n\r\n\r\n\r\n<p>Fort d&rsquo;une exp\u00e9rience solide, et d&rsquo;un esprit cr\u00e9atif, nous saurons vous accompagner tout au long de votre projet. Vous serez\u00a0<strong>conseill\u00e9s<\/strong>\u00a0dans le choix des\u00a0<strong>v\u00e9g\u00e9taux<\/strong>\u00a0(essences, couleurs, floraisons) et nous mettrons tout en \u0153uvre pour vous garantir des\u00a0<strong>prestations<\/strong>\u00a0\u00e0 la hauteur de vos attentes. Vous serez conseill\u00e9s sur les diff\u00e9rents entretiens n\u00e9cessaires pour vos arbres, arbustes et diff\u00e9rentes plantations.<\/p>\r\n\r\n\r\n\r\n<p>La soci\u00e9t\u00e9 <strong>FLORAL\u00a0&#8211; JS ESPACES VERTS\u00a0<\/strong>intervient sur les\u00a0<strong>secteurs<\/strong>\u00a0g\u00e9ographiques suivants :\u00a0<strong>Valenciennes, Saint Amand Les Eaux, Douai, Orchies, Cambrai, et tous leurs environs <\/strong>(Somain,\u00a0Fenain,\u00a0Hornaing,\u00a0Bouchain,\u00a0Aniche,\u00a0etc..).<\/p>\r\n\r\n\r\n","protected":false},"excerpt":{"rendered":"<p>&nbsp; L\u2019entreprise\u00a0FLORAL &#8211; JS ESPACES VERTS\u00a0est sp\u00e9cialis\u00e9e dans l&rsquo;entretien, l&rsquo;am\u00e9nagement paysager et les travaux forestiers sur le secteur de\u00a0Valenciennes\u00a0&#8211;\u00a0Douai\u00a0&#8211; Cambrai, dans le NORD de FRANCE. Nous sommes \u00e9galement adh\u00e9rant \u00e0 la coop\u00e9rative de service \u00e0 la personne UNIPROS ouvrant droit au cr\u00e9dit d&rsquo;imp\u00f4ts sur les prestations de jardinage. Nous intervenons aupr\u00e8s des Collectivit\u00e9s, des Entreprises [&hellip;]<\/p>\n","protected":false},"author":1,"featured_media":0,"parent":0,"menu_order":0,"comment_status":"closed","ping_status":"closed","template":"","meta":{"footnotes":""},"class_list":["post-27","page","type-page","status-publish","hentry"],"_links":{"self":[{"href":"https:\/\/www.jsespacesverts.fr\/index.php?rest_route=\/wp\/v2\/pages\/27","targetHints":{"allow":["GET"]}}],"collection":[{"href":"https:\/\/www.jsespacesverts.fr\/index.php?rest_route=\/wp\/v2\/pages"}],"about":[{"href":"https:\/\/www.jsespacesverts.fr\/index.php?rest_route=\/wp\/v2\/types\/page"}],"author":[{"embeddable":true,"href":"https:\/\/www.jsespacesverts.fr\/index.php?rest_route=\/wp\/v2\/users\/1"}],"replies":[{"embeddable":true,"href":"https:\/\/www.jsespacesverts.fr\/index.php?rest_route=%2Fwp%2Fv2%2Fcomments&post=27"}],"version-history":[{"count":16,"href":"https:\/\/www.jsespacesverts.fr\/index.php?rest_route=\/wp\/v2\/pages\/27\/revisions"}],"predecessor-version":[{"id":266,"href":"https:\/\/www.jsespacesverts.fr\/index.php?rest_route=\/wp\/v2\/pages\/27\/revisions\/266"}],"wp:attachment":[{"href":"https:\/\/www.jsespacesverts.fr\/index.php?rest_route=%2Fwp%2Fv2%2Fmedia&parent=27"}],"curies":[{"name":"wp","href":"https:\/\/api.w.org\/{rel}","templated":true}]}}