{"id":109,"date":"2019-01-09T20:11:51","date_gmt":"2019-01-09T19:11:51","guid":{"rendered":"http:\/\/jsespacesverts.fr\/?page_id=109"},"modified":"2024-06-06T20:35:42","modified_gmt":"2024-06-06T18:35:42","slug":"service-a-la-personne-petits-travaux-de-jardinage","status":"publish","type":"page","link":"https:\/\/www.jsespacesverts.fr\/?page_id=109","title":{"rendered":"Service \u00e0 la personne &#8211; Petits travaux de jardinage"},"content":{"rendered":"\r\n\r\n\r\n<p style=\"text-align: center;\">\u00a0<\/p>\r\n\r\n\r\n\r\n<h2 class=\"wp-block-heading\" style=\"text-align: center;\">Nos prestations : Petits travaux de jardinage<\/h2>\r\n\r\n\r\n\r\n<p>Vous cherchez \u00e0 faire entretenir votre jardin par un intervenant qualifi\u00e9\u00a0?<\/p>\r\n\r\n\r\n\r\n<p>Faites de votre jardin un lieu d\u2019exception en faisant appel \u00e0 un professionnel membre de notre coop\u00e9rative.<\/p>\r\n\r\n\r\n\r\n<p>Entretenir son jardin toute l\u2019ann\u00e9e ou de fa\u00e7on ponctuelle par un professionnel UNIPROS c\u2019est la garantie du travail bien fait et sans mauvaises surprises. Notre entreprise est adh\u00e9rente \u00e0 la coop\u00e9rative UNIPROS permettant la r\u00e9alisation des prestations de services \u00e0 la personne, avec ou sans avance imm\u00e9diate du cr\u00e9dit d&rsquo;imp\u00f4ts.<\/p>\r\n<p><a href=\"https:\/\/app.unipros.coop\/connexion\"><img loading=\"lazy\" decoding=\"async\" class=\"aligncenter wp-image-252 size-medium\" src=\"https:\/\/jsespacesverts.fr\/wp-content\/uploads\/2024\/06\/Logo-Unipros-horizontal-pour-fond-clair-300x112.png\" alt=\"\" width=\"300\" height=\"112\" srcset=\"https:\/\/jsespacesverts.fr\/wp-content\/uploads\/2024\/06\/Logo-Unipros-horizontal-pour-fond-clair-300x112.png 300w, https:\/\/jsespacesverts.fr\/wp-content\/uploads\/2024\/06\/Logo-Unipros-horizontal-pour-fond-clair-1024x384.png 1024w, https:\/\/jsespacesverts.fr\/wp-content\/uploads\/2024\/06\/Logo-Unipros-horizontal-pour-fond-clair-768x288.png 768w, https:\/\/jsespacesverts.fr\/wp-content\/uploads\/2024\/06\/Logo-Unipros-horizontal-pour-fond-clair-1536x576.png 1536w, https:\/\/jsespacesverts.fr\/wp-content\/uploads\/2024\/06\/Logo-Unipros-horizontal-pour-fond-clair-2048x768.png 2048w, https:\/\/jsespacesverts.fr\/wp-content\/uploads\/2024\/06\/Logo-Unipros-horizontal-pour-fond-clair-380x142.png 380w\" sizes=\"auto, (max-width: 300px) 100vw, 300px\" \/><\/a><\/p>\r\n\r\n\r\n\r\n<p>L\u2019entretien du jardin entre dans le cadre du service \u00e0 la personne, voici la liste des prestations faisant l\u2019objet de l\u2019abattement fiscal de 50%*\u00a0 (selon l&rsquo;article 199 sexdecies du code g\u00e9n\u00e9ral des imp\u00f4ts):<\/p>\r\n\r\n\r\n\r\n<p><em>(*\u00e0 hauteur de 5000\u20ac de prestation par an par foyer fiscal soit 2500\u20ac de r\u00e9duction d\u2019imp\u00f4t au maximum)<\/em><\/p>\r\n\r\n\r\n\r\n<ul class=\"wp-block-list\">\r\n<li>Tonte de pelouse<\/li>\r\n<li>D\u00e9broussaillage<\/li>\r\n<li>Entretien des massifs et des balcons<\/li>\r\n<li>Arrosage manuel des v\u00e9g\u00e9taux (hors maintenance d\u2019arrosage, hors goutte \u00e0 goutte)<\/li>\r\n<li>Ramassage des feuilles<\/li>\r\n<li>Scarification<\/li>\r\n<li>Application d\u2019engrais et\/ou d\u2019amendements avec des produits fournis par le client<\/li>\r\n<li>D\u00e9neigement<\/li>\r\n<li>Petite maintenance r\u00e9guli\u00e8re des all\u00e9es et des terrasses ainsi que du mobilier de jardin et accessoires.<\/li>\r\n<li>B\u00eachage, binage et griffage<\/li>\r\n<li>D\u00e9sherbage<\/li>\r\n<li>Petit arrachage manuel et \u00e9vacuation des v\u00e9g\u00e9taux<\/li>\r\n<li>Taille de haies, fruitiers, rosiers et plantes grimpantes, dans le respect du d\u00e9cret du 1<sup>er<\/sup>\u00a0septembre 2004 : notamment les travaux effectu\u00e9s \u00e0 partir du sol<\/li>\r\n<li>Taille d\u2019arbres et arbustes hors \u00e9lagage, effectu\u00e9e \u00e0 partir du sol ou dans les conditions de l\u2019article R233-13-22 du Code du Travail<\/li>\r\n<li>Mise en place de syst\u00e8mes assurant la s\u00e9curit\u00e9 des salari\u00e9s<\/li>\r\n<li>Traitement des arbres et arbustes*<\/li>\r\n<li>Traitement chimique des gazons*<\/li>\r\n<\/ul>\r\n\r\n\r\n\r\n<p>*avec des produits portant la mention \u00ab emploi autoris\u00e9 dans les jardin \u00bb fournis par le client<\/p>\r\n\r\n\r\n","protected":false},"excerpt":{"rendered":"<p>\u00a0 Nos prestations : Petits travaux de jardinage Vous cherchez \u00e0 faire entretenir votre jardin par un intervenant qualifi\u00e9\u00a0? Faites de votre jardin un lieu d\u2019exception en faisant appel \u00e0 un professionnel membre de notre coop\u00e9rative. Entretenir son jardin toute l\u2019ann\u00e9e ou de fa\u00e7on ponctuelle par un professionnel UNIPROS c\u2019est la garantie du travail bien [&hellip;]<\/p>\n","protected":false},"author":1,"featured_media":0,"parent":27,"menu_order":4,"comment_status":"closed","ping_status":"closed","template":"","meta":{"footnotes":""},"class_list":["post-109","page","type-page","status-publish","hentry"],"_links":{"self":[{"href":"https:\/\/www.jsespacesverts.fr\/index.php?rest_route=\/wp\/v2\/pages\/109","targetHints":{"allow":["GET"]}}],"collection":[{"href":"https:\/\/www.jsespacesverts.fr\/index.php?rest_route=\/wp\/v2\/pages"}],"about":[{"href":"https:\/\/www.jsespacesverts.fr\/index.php?rest_route=\/wp\/v2\/types\/page"}],"author":[{"embeddable":true,"href":"https:\/\/www.jsespacesverts.fr\/index.php?rest_route=\/wp\/v2\/users\/1"}],"replies":[{"embeddable":true,"href":"https:\/\/www.jsespacesverts.fr\/index.php?rest_route=%2Fwp%2Fv2%2Fcomments&post=109"}],"version-history":[{"count":13,"href":"https:\/\/www.jsespacesverts.fr\/index.php?rest_route=\/wp\/v2\/pages\/109\/revisions"}],"predecessor-version":[{"id":265,"href":"https:\/\/www.jsespacesverts.fr\/index.php?rest_route=\/wp\/v2\/pages\/109\/revisions\/265"}],"up":[{"embeddable":true,"href":"https:\/\/www.jsespacesverts.fr\/index.php?rest_route=\/wp\/v2\/pages\/27"}],"wp:attachment":[{"href":"https:\/\/www.jsespacesverts.fr\/index.php?rest_route=%2Fwp%2Fv2%2Fmedia&parent=109"}],"curies":[{"name":"wp","href":"https:\/\/api.w.org\/{rel}","templated":true}]}}